{"id":441,"date":"2026-02-19T15:48:20","date_gmt":"2026-02-19T14:48:20","guid":{"rendered":"https:\/\/jeannebuee.fr\/?page_id=441"},"modified":"2026-02-19T16:37:10","modified_gmt":"2026-02-19T15:37:10","slug":"feel-the-void","status":"publish","type":"page","link":"https:\/\/jeannebuee.fr\/?page_id=441","title":{"rendered":"Feel The Void"},"content":{"rendered":"\n<div class=\"alignnormal\"><div id=\"metaslider-id-447\" style=\"width: 100%;\" class=\"ml-slider-3-105-0 metaslider metaslider-flex metaslider-447 ml-slider has-onhover-arrows has-dots-nav ms-theme-simply-dark\" role=\"region\" aria-label=\"Feel The Void\" data-height=\"2160\" data-width=\"3840\">\n    <div id=\"metaslider_container_447\">\n        <div id=\"metaslider_447\">\n            <ul class='slides'>\n                <li style=\"display: block; width: 100%;\" class=\"slide-475 ms-image \" aria-roledescription=\"slide\" data-date=\"2026-02-19 16:13:30\" data-filename=\"1-3-scaled.webp\" data-slide-type=\"image\"><img loading=\"lazy\" decoding=\"async\" src=\"https:\/\/jeannebuee.fr\/wp-content\/uploads\/2026\/02\/1-3-scaled.webp\" height=\"2160\" width=\"3840\" alt=\"\" class=\"slider-447 slide-475 msDefaultImage\" title=\"1\" \/><\/li>\n                <li style=\"display: none; width: 100%;\" class=\"slide-463 ms-image \" aria-roledescription=\"slide\" data-date=\"2026-02-19 15:54:13\" data-filename=\"2-1-scaled-2560x1440.webp\" data-slide-type=\"image\"><img loading=\"lazy\" decoding=\"async\" src=\"https:\/\/jeannebuee.fr\/wp-content\/uploads\/2026\/02\/2-1-scaled-2560x1440.webp\" height=\"2160\" width=\"3840\" alt=\"\" class=\"slider-447 slide-463 msDefaultImage\" title=\"2\" \/><\/li>\n                <li style=\"display: none; width: 100%;\" class=\"slide-464 ms-image \" aria-roledescription=\"slide\" data-date=\"2026-02-19 15:54:13\" data-filename=\"3-1-scaled-2560x1440.webp\" data-slide-type=\"image\"><img loading=\"lazy\" decoding=\"async\" src=\"https:\/\/jeannebuee.fr\/wp-content\/uploads\/2026\/02\/3-1-scaled-2560x1440.webp\" height=\"2160\" width=\"3840\" alt=\"\" class=\"slider-447 slide-464 msDefaultImage\" title=\"3\" \/><\/li>\n                <li style=\"display: none; width: 100%;\" class=\"slide-476 ms-image \" aria-roledescription=\"slide\" data-date=\"2026-02-19 16:13:30\" data-filename=\"4-3-scaled.webp\" data-slide-type=\"image\"><img loading=\"lazy\" decoding=\"async\" src=\"https:\/\/jeannebuee.fr\/wp-content\/uploads\/2026\/02\/4-3-scaled.webp\" height=\"2160\" width=\"3840\" alt=\"\" class=\"slider-447 slide-476 msDefaultImage\" title=\"4\" \/><\/li>\n                <li style=\"display: none; width: 100%;\" class=\"slide-466 ms-image \" aria-roledescription=\"slide\" data-date=\"2026-02-19 15:54:13\" data-filename=\"5-1-scaled-2560x1440.webp\" data-slide-type=\"image\"><img loading=\"lazy\" decoding=\"async\" src=\"https:\/\/jeannebuee.fr\/wp-content\/uploads\/2026\/02\/5-1-scaled-2560x1440.webp\" height=\"2160\" width=\"3840\" alt=\"\" class=\"slider-447 slide-466 msDefaultImage\" title=\"5\" \/><\/li>\n                <li style=\"display: none; width: 100%;\" class=\"slide-467 ms-image \" aria-roledescription=\"slide\" data-date=\"2026-02-19 15:54:13\" data-filename=\"6-1-scaled-2560x1440.webp\" data-slide-type=\"image\"><img loading=\"lazy\" decoding=\"async\" src=\"https:\/\/jeannebuee.fr\/wp-content\/uploads\/2026\/02\/6-1-scaled-2560x1440.webp\" height=\"2160\" width=\"3840\" alt=\"\" class=\"slider-447 slide-467 msDefaultImage\" title=\"6\" \/><\/li>\n            <\/ul>\n        <\/div>\n        \n    <\/div>\n<\/div><\/div>\n\n\n\n<p class=\"has-text-align-right\">Installation vid\u00e9o en circuit ferm\u00e9 <\/p>\n\n\n\n<p class=\"has-text-align-right\">Pr\u00e9sent\u00e9e en septembre 2020 \u00e0 l&rsquo;Universit\u00e9 Rennes 2 dans le cadre de l&rsquo;exposition de la soutenance de m\u00e9moire de recherches en Arts plastiques.<\/p>\n\n\n\n<p><\/p>\n\n\n\n<p class=\"has-text-align-center\" style=\"border-width:1px\"><br>Projet conclusif d\u2019une longue s\u00e9rie de recherches artistiques sur le sentiment d\u2019apathie, le d\u00e9peuplement et la solitude, <em>Feel The Void<\/em> exacerbe le vocabulaire artistique na\u00eet de ce processus, \u00e0 travers un dispositif o\u00f9 le regard cam\u00e9ra se referme sur l\u00e6 spectateur\u00b7ice via une boucle vid\u00e9o en circuit clos. L\u2019espace d\u2019exposition est colonis\u00e9 par l\u2019insistance de ce regard et le malaise caus\u00e9 par le silence et l\u2019inactivit\u00e9. La mise en tension du voyeurisme et de l\u2019exhibitionnisme pousse la ligne de l\u2019objectivation que produit la pr\u00e9sence de la cam\u00e9ra sur l\u2019artiste et sur l\u00e6 spectateur\u00b7ice.<br><br><\/p>\n","protected":false},"excerpt":{"rendered":"<p>Installation vid\u00e9o en circuit ferm\u00e9 Pr\u00e9sent\u00e9e en septembre 2020 \u00e0 l&rsquo;Universit\u00e9 Rennes 2 dans le cadre de l&rsquo;exposition de la [&hellip;]<\/p>\n","protected":false},"author":1,"featured_media":0,"parent":0,"menu_order":0,"comment_status":"closed","ping_status":"closed","template":"","meta":{"_uag_custom_page_level_css":"","site-sidebar-layout":"default","site-content-layout":"","ast-site-content-layout":"default","site-content-style":"default","site-sidebar-style":"default","ast-global-header-display":"","ast-banner-title-visibility":"","ast-main-header-display":"","ast-hfb-above-header-display":"","ast-hfb-below-header-display":"","ast-hfb-mobile-header-display":"","site-post-title":"","ast-breadcrumbs-content":"","ast-featured-img":"","footer-sml-layout":"","ast-disable-related-posts":"","theme-transparent-header-meta":"","adv-header-id-meta":"","stick-header-meta":"","header-above-stick-meta":"","header-main-stick-meta":"","header-below-stick-meta":"","astra-migrate-meta-layouts":"default","ast-page-background-enabled":"default","ast-page-background-meta":{"desktop":{"background-color":"var(--ast-global-color-5)","background-image":"","background-repeat":"repeat","background-position":"center center","background-size":"auto","background-attachment":"scroll","background-type":"","background-media":"","overlay-type":"","overlay-color":"","overlay-opacity":"","overlay-gradient":""},"tablet":{"background-color":"","background-image":"","background-repeat":"repeat","background-position":"center center","background-size":"auto","background-attachment":"scroll","background-type":"","background-media":"","overlay-type":"","overlay-color":"","overlay-opacity":"","overlay-gradient":""},"mobile":{"background-color":"","background-image":"","background-repeat":"repeat","background-position":"center center","background-size":"auto","background-attachment":"scroll","background-type":"","background-media":"","overlay-type":"","overlay-color":"","overlay-opacity":"","overlay-gradient":""}},"ast-content-background-meta":{"desktop":{"background-color":"var(--ast-global-color-4)","background-image":"","background-repeat":"repeat","background-position":"center center","background-size":"auto","background-attachment":"scroll","background-type":"","background-media":"","overlay-type":"","overlay-color":"","overlay-opacity":"","overlay-gradient":""},"tablet":{"background-color":"var(--ast-global-color-4)","background-image":"","background-repeat":"repeat","background-position":"center center","background-size":"auto","background-attachment":"scroll","background-type":"","background-media":"","overlay-type":"","overlay-color":"","overlay-opacity":"","overlay-gradient":""},"mobile":{"background-color":"var(--ast-global-color-4)","background-image":"","background-repeat":"repeat","background-position":"center center","background-size":"auto","background-attachment":"scroll","background-type":"","background-media":"","overlay-type":"","overlay-color":"","overlay-opacity":"","overlay-gradient":""}},"footnotes":""},"class_list":["post-441","page","type-page","status-publish","hentry"],"uagb_featured_image_src":{"full":false,"thumbnail":false,"medium":false,"medium_large":false,"large":false,"1536x1536":false,"2048x2048":false},"uagb_author_info":{"display_name":"admin9274","author_link":"https:\/\/jeannebuee.fr\/?author=1"},"uagb_comment_info":0,"uagb_excerpt":"Installation vid\u00e9o en circuit ferm\u00e9 Pr\u00e9sent\u00e9e en septembre 2020 \u00e0 l&rsquo;Universit\u00e9 Rennes 2 dans le cadre de l&rsquo;exposition de la [&hellip;]","_links":{"self":[{"href":"https:\/\/jeannebuee.fr\/index.php?rest_route=\/wp\/v2\/pages\/441","targetHints":{"allow":["GET"]}}],"collection":[{"href":"https:\/\/jeannebuee.fr\/index.php?rest_route=\/wp\/v2\/pages"}],"about":[{"href":"https:\/\/jeannebuee.fr\/index.php?rest_route=\/wp\/v2\/types\/page"}],"author":[{"embeddable":true,"href":"https:\/\/jeannebuee.fr\/index.php?rest_route=\/wp\/v2\/users\/1"}],"replies":[{"embeddable":true,"href":"https:\/\/jeannebuee.fr\/index.php?rest_route=%2Fwp%2Fv2%2Fcomments&post=441"}],"version-history":[{"count":4,"href":"https:\/\/jeannebuee.fr\/index.php?rest_route=\/wp\/v2\/pages\/441\/revisions"}],"predecessor-version":[{"id":479,"href":"https:\/\/jeannebuee.fr\/index.php?rest_route=\/wp\/v2\/pages\/441\/revisions\/479"}],"wp:attachment":[{"href":"https:\/\/jeannebuee.fr\/index.php?rest_route=%2Fwp%2Fv2%2Fmedia&parent=441"}],"curies":[{"name":"wp","href":"https:\/\/api.w.org\/{rel}","templated":true}]}}