{"id":273,"date":"2025-12-02T10:54:52","date_gmt":"2025-12-02T09:54:52","guid":{"rendered":"https:\/\/jeannebuee.fr\/?page_id=273"},"modified":"2026-02-01T11:05:19","modified_gmt":"2026-02-01T10:05:19","slug":"la-couleur-de-mes-cernes","status":"publish","type":"page","link":"https:\/\/jeannebuee.fr\/?page_id=273","title":{"rendered":"La couleur de mes cernes"},"content":{"rendered":"\n<div class=\"alignnormal\"><div id=\"metaslider-id-175\" style=\"width: 100%;\" class=\"ml-slider-3-105-0 metaslider metaslider-flex metaslider-175 ml-slider has-onhover-arrows has-dots-nav ms-theme-simply-dark\" role=\"region\" aria-label=\"La couleur de mes cernes\" data-height=\"2160\" data-width=\"3840\">\n    <div id=\"metaslider_container_175\">\n        <div id=\"metaslider_175\">\n            <ul class='slides'>\n                <li style=\"display: block; width: 100%;\" class=\"slide-328 ms-image \" aria-roledescription=\"slide\" data-date=\"2026-01-19 15:23:33\" data-filename=\"CERNES-1-scaled-2560x1440.webp\" data-slide-type=\"image\"><img loading=\"lazy\" decoding=\"async\" src=\"https:\/\/jeannebuee.fr\/wp-content\/uploads\/2026\/01\/CERNES-1-scaled-2560x1440.webp\" height=\"2160\" width=\"3840\" alt=\"\" class=\"slider-175 slide-328 msDefaultImage\" title=\"CERNES 1\" \/><\/li>\n                <li style=\"display: none; width: 100%;\" class=\"slide-329 ms-image \" aria-roledescription=\"slide\" data-date=\"2026-01-19 15:23:47\" data-filename=\"CERNES-9-scaled.webp\" data-slide-type=\"image\"><img loading=\"lazy\" decoding=\"async\" src=\"https:\/\/jeannebuee.fr\/wp-content\/uploads\/2026\/01\/CERNES-9-scaled.webp\" height=\"2160\" width=\"3840\" alt=\"\" class=\"slider-175 slide-329 msDefaultImage\" title=\"CERNES 9\" \/><\/li>\n                <li style=\"display: none; width: 100%;\" class=\"slide-330 ms-image \" aria-roledescription=\"slide\" data-date=\"2026-01-19 15:23:59\" data-filename=\"CERNES-5-scaled-2560x1440.webp\" data-slide-type=\"image\"><img loading=\"lazy\" decoding=\"async\" src=\"https:\/\/jeannebuee.fr\/wp-content\/uploads\/2026\/01\/CERNES-5-scaled-2560x1440.webp\" height=\"2160\" width=\"3840\" alt=\"\" class=\"slider-175 slide-330 msDefaultImage\" title=\"CERNES 5\" \/><\/li>\n                <li style=\"display: none; width: 100%;\" class=\"slide-331 ms-image \" aria-roledescription=\"slide\" data-date=\"2026-01-19 15:24:07\" data-filename=\"CERNES-8-scaled.webp\" data-slide-type=\"image\"><img loading=\"lazy\" decoding=\"async\" src=\"https:\/\/jeannebuee.fr\/wp-content\/uploads\/2026\/01\/CERNES-8-scaled.webp\" height=\"2160\" width=\"3840\" alt=\"\" class=\"slider-175 slide-331 msDefaultImage\" title=\"CERNES 8\" \/><\/li>\n                <li style=\"display: none; width: 100%;\" class=\"slide-332 ms-image \" aria-roledescription=\"slide\" data-date=\"2026-01-19 15:24:32\" data-filename=\"CERNES-3-scaled-2560x1440.webp\" data-slide-type=\"image\"><img loading=\"lazy\" decoding=\"async\" src=\"https:\/\/jeannebuee.fr\/wp-content\/uploads\/2026\/01\/CERNES-3-scaled-2560x1440.webp\" height=\"2160\" width=\"3840\" alt=\"\" class=\"slider-175 slide-332 msDefaultImage\" title=\"CERNES 3\" \/><\/li>\n                <li style=\"display: none; width: 100%;\" class=\"slide-333 ms-image \" aria-roledescription=\"slide\" data-date=\"2026-01-19 15:24:45\" data-filename=\"CERNES-6-scaled.webp\" data-slide-type=\"image\"><img loading=\"lazy\" decoding=\"async\" src=\"https:\/\/jeannebuee.fr\/wp-content\/uploads\/2026\/01\/CERNES-6-scaled.webp\" height=\"2160\" width=\"3840\" alt=\"\" class=\"slider-175 slide-333 msDefaultImage\" title=\"CERNES 6\" \/><\/li>\n                <li style=\"display: none; width: 100%;\" class=\"slide-334 ms-image \" aria-roledescription=\"slide\" data-date=\"2026-01-19 15:24:52\" data-filename=\"CERNES-4-scaled-2560x1440.webp\" data-slide-type=\"image\"><img loading=\"lazy\" decoding=\"async\" src=\"https:\/\/jeannebuee.fr\/wp-content\/uploads\/2026\/01\/CERNES-4-scaled-2560x1440.webp\" height=\"2160\" width=\"3840\" alt=\"\" class=\"slider-175 slide-334 msDefaultImage\" title=\"CERNES 4\" \/><\/li>\n                <li style=\"display: none; width: 100%;\" class=\"slide-335 ms-image \" aria-roledescription=\"slide\" data-date=\"2026-01-19 15:25:11\" data-filename=\"CERNES-7-scaled.webp\" data-slide-type=\"image\"><img loading=\"lazy\" decoding=\"async\" src=\"https:\/\/jeannebuee.fr\/wp-content\/uploads\/2026\/01\/CERNES-7-scaled.webp\" height=\"2160\" width=\"3840\" alt=\"\" class=\"slider-175 slide-335 msDefaultImage\" title=\"CERNES 7\" \/><\/li>\n                <li style=\"display: none; width: 100%;\" class=\"slide-336 ms-image \" aria-roledescription=\"slide\" data-date=\"2026-01-19 15:25:17\" data-filename=\"CERNES-2-scaled-2560x1440.webp\" data-slide-type=\"image\"><img loading=\"lazy\" decoding=\"async\" src=\"https:\/\/jeannebuee.fr\/wp-content\/uploads\/2026\/01\/CERNES-2-scaled-2560x1440.webp\" height=\"2160\" width=\"3840\" alt=\"\" class=\"slider-175 slide-336 msDefaultImage\" title=\"CERNES 2\" \/><\/li>\n            <\/ul>\n        <\/div>\n        \n    <\/div>\n<\/div><\/div>\n\n\n\n<p class=\"has-text-align-right\">Installation <br>performance-vid\u00e9o, son, mobilier, sculptures <br><\/p>\n\n\n\n<p class=\"has-text-align-right\">Pr\u00e9sent\u00e9e dans le cadre de l&rsquo;exposition \u00ab\u00a0How to disappear\u00a0\u00bb, du 13 f\u00e9vrier au 15 mars 2024, au 4 rue Bois Perrin, 35000 Rennes, dans les locaux de l&rsquo;<a href=\"https:\/\/www.instagram.com\/eurcaps\/\">EURCAPS<\/a> (Creative Approaches to Public Space) avec la participation de Anne-Sophie Convers, Quentin Daney, Mitch Fournial, Hugo Kostrzewa &amp; Adrien Ordonneau.<\/p>\n\n\n\n<p class=\"has-text-align-right\"><\/p>\n\n\n\n<p class=\"has-text-align-center\" style=\"border-width:1px\"><br>L&rsquo;exaltation des doutes et des angoisses adolescentes, que cristallise l&rsquo;espace de la chambre, t\u00e9moigne d&rsquo;une incapacit\u00e9 mortif\u00e8re \u00e0 s&rsquo;ouvrir \u00e0 l&rsquo;Autre. Comme les ruines d&rsquo;un souvenir, les divers objets qui composent cette installation constituent une forme contemporaine du <em>Memento Mori<\/em>. Symboles du temps qui passe et qui s&rsquo;use, ils renvoient \u00e0 la difficult\u00e9 de s&rsquo;ancrer dans le r\u00e9el. Les voix fantomatiques des chuchoteurs hantent ce d\u00e9cor, et pourraient \u00e9maner tant des murs que du corps. La m\u00e9tamorphose du visage \u00e0 l&rsquo;\u00e9cran, \u00e0 laquelle se conjugue le d\u00e9placement de la cam\u00e9ra sur des murs parsem\u00e9s de moisissures, s&rsquo;ouvre sur un rapport schizophr\u00e9nique et cauchemardesque \u00e0 l&rsquo;identit\u00e9. La disparition de soi, entra\u00een\u00e9e par le passage du temps, la perte de rep\u00e8res et les \u00e9tats limites, s&rsquo;expose ici dans les contours fantastiques et poussi\u00e9reux d&rsquo;une esth\u00e9tique emo et romantique.<br><br><\/p>\n\n\n\n<p><\/p>\n\n\n\n<p><\/p>\n\n\n\n<p><\/p>\n\n\n\n<p><\/p>\n","protected":false},"excerpt":{"rendered":"<p>Installation performance-vid\u00e9o, son, mobilier, sculptures Pr\u00e9sent\u00e9e dans le cadre de l&rsquo;exposition \u00ab\u00a0How to disappear\u00a0\u00bb, du 13 f\u00e9vrier au 15 mars [&hellip;]<\/p>\n","protected":false},"author":1,"featured_media":0,"parent":0,"menu_order":0,"comment_status":"closed","ping_status":"closed","template":"","meta":{"_uag_custom_page_level_css":"","site-sidebar-layout":"default","site-content-layout":"","ast-site-content-layout":"default","site-content-style":"default","site-sidebar-style":"default","ast-global-header-display":"","ast-banner-title-visibility":"","ast-main-header-display":"","ast-hfb-above-header-display":"","ast-hfb-below-header-display":"","ast-hfb-mobile-header-display":"","site-post-title":"","ast-breadcrumbs-content":"","ast-featured-img":"","footer-sml-layout":"","ast-disable-related-posts":"","theme-transparent-header-meta":"","adv-header-id-meta":"","stick-header-meta":"","header-above-stick-meta":"","header-main-stick-meta":"","header-below-stick-meta":"","astra-migrate-meta-layouts":"default","ast-page-background-enabled":"default","ast-page-background-meta":{"desktop":{"background-color":"var(--ast-global-color-5)","background-image":"","background-repeat":"repeat","background-position":"center center","background-size":"auto","background-attachment":"scroll","background-type":"","background-media":"","overlay-type":"","overlay-color":"","overlay-opacity":"","overlay-gradient":""},"tablet":{"background-color":"","background-image":"","background-repeat":"repeat","background-position":"center center","background-size":"auto","background-attachment":"scroll","background-type":"","background-media":"","overlay-type":"","overlay-color":"","overlay-opacity":"","overlay-gradient":""},"mobile":{"background-color":"","background-image":"","background-repeat":"repeat","background-position":"center center","background-size":"auto","background-attachment":"scroll","background-type":"","background-media":"","overlay-type":"","overlay-color":"","overlay-opacity":"","overlay-gradient":""}},"ast-content-background-meta":{"desktop":{"background-color":"var(--ast-global-color-4)","background-image":"","background-repeat":"repeat","background-position":"center center","background-size":"auto","background-attachment":"scroll","background-type":"","background-media":"","overlay-type":"","overlay-color":"","overlay-opacity":"","overlay-gradient":""},"tablet":{"background-color":"var(--ast-global-color-4)","background-image":"","background-repeat":"repeat","background-position":"center center","background-size":"auto","background-attachment":"scroll","background-type":"","background-media":"","overlay-type":"","overlay-color":"","overlay-opacity":"","overlay-gradient":""},"mobile":{"background-color":"var(--ast-global-color-4)","background-image":"","background-repeat":"repeat","background-position":"center center","background-size":"auto","background-attachment":"scroll","background-type":"","background-media":"","overlay-type":"","overlay-color":"","overlay-opacity":"","overlay-gradient":""}},"footnotes":""},"class_list":["post-273","page","type-page","status-publish","hentry"],"uagb_featured_image_src":{"full":false,"thumbnail":false,"medium":false,"medium_large":false,"large":false,"1536x1536":false,"2048x2048":false},"uagb_author_info":{"display_name":"admin9274","author_link":"https:\/\/jeannebuee.fr\/?author=1"},"uagb_comment_info":0,"uagb_excerpt":"Installation performance-vid\u00e9o, son, mobilier, sculptures Pr\u00e9sent\u00e9e dans le cadre de l&rsquo;exposition \u00ab\u00a0How to disappear\u00a0\u00bb, du 13 f\u00e9vrier au 15 mars [&hellip;]","_links":{"self":[{"href":"https:\/\/jeannebuee.fr\/index.php?rest_route=\/wp\/v2\/pages\/273","targetHints":{"allow":["GET"]}}],"collection":[{"href":"https:\/\/jeannebuee.fr\/index.php?rest_route=\/wp\/v2\/pages"}],"about":[{"href":"https:\/\/jeannebuee.fr\/index.php?rest_route=\/wp\/v2\/types\/page"}],"author":[{"embeddable":true,"href":"https:\/\/jeannebuee.fr\/index.php?rest_route=\/wp\/v2\/users\/1"}],"replies":[{"embeddable":true,"href":"https:\/\/jeannebuee.fr\/index.php?rest_route=%2Fwp%2Fv2%2Fcomments&post=273"}],"version-history":[{"count":15,"href":"https:\/\/jeannebuee.fr\/index.php?rest_route=\/wp\/v2\/pages\/273\/revisions"}],"predecessor-version":[{"id":390,"href":"https:\/\/jeannebuee.fr\/index.php?rest_route=\/wp\/v2\/pages\/273\/revisions\/390"}],"wp:attachment":[{"href":"https:\/\/jeannebuee.fr\/index.php?rest_route=%2Fwp%2Fv2%2Fmedia&parent=273"}],"curies":[{"name":"wp","href":"https:\/\/api.w.org\/{rel}","templated":true}]}}