{"id":205,"date":"2025-06-24T21:59:32","date_gmt":"2025-06-24T19:59:32","guid":{"rendered":"https:\/\/jeannebuee.fr\/?page_id=205"},"modified":"2026-01-19T16:17:59","modified_gmt":"2026-01-19T15:17:59","slug":"a-propos-2","status":"publish","type":"page","link":"https:\/\/jeannebuee.fr\/?page_id=205","title":{"rendered":"\u00c0 PROPOS"},"content":{"rendered":"\n<figure class=\"wp-block-image alignleft size-large is-resized\"><img loading=\"lazy\" decoding=\"async\" width=\"771\" height=\"1024\" src=\"https:\/\/jeannebuee.fr\/wp-content\/uploads\/2026\/01\/1768835738045-771x1024.jpg\" alt=\"\" class=\"wp-image-355\" style=\"aspect-ratio:0.7529317708650093;width:358px;height:auto\" srcset=\"https:\/\/jeannebuee.fr\/wp-content\/uploads\/2026\/01\/1768835738045-771x1024.jpg 771w, https:\/\/jeannebuee.fr\/wp-content\/uploads\/2026\/01\/1768835738045-226x300.jpg 226w, https:\/\/jeannebuee.fr\/wp-content\/uploads\/2026\/01\/1768835738045-768x1020.jpg 768w, https:\/\/jeannebuee.fr\/wp-content\/uploads\/2026\/01\/1768835738045-1157x1536.jpg 1157w, https:\/\/jeannebuee.fr\/wp-content\/uploads\/2026\/01\/1768835738045-1542x2048.jpg 1542w, https:\/\/jeannebuee.fr\/wp-content\/uploads\/2026\/01\/1768835738045-scaled.jpg 1928w\" sizes=\"auto, (max-width: 771px) 100vw, 771px\" \/><\/figure>\n\n\n\n<p class=\"has-text-align-left\">Doctorante \u00e0 l&rsquo;Universit\u00e9 Rennes 2 et membre du laboratoire PTAC (Pratique et Th\u00e9orie de l&rsquo;Art Contemporain), Jeanne Bu\u00e9e m\u00e8ne une th\u00e8se en Arts plastiques, label recherche-cr\u00e9ation, sous la direction de Laurence Corbel.<\/p>\n\n\n\n<p class=\"has-text-align-left\">Cette th\u00e8se, provisoirement nomm\u00e9e : \u00ab Le jeu de r\u00f4le comme moyen de l&rsquo;art : identit\u00e9s en fiction et lieu de l&rsquo;imaginaire. De l&rsquo;exp\u00e9rience de soi comme \u0153uvre d&rsquo;art et de l&rsquo;art comme forme de vie \u00bb, porte sur le potentiel politique et \u00e9mancipateur de la fictionnalisation de soi. Elle tisse des trajectoires entre les diverses formes d&rsquo;autorepr\u00e9sentations dans le champ de la cr\u00e9ation contemporaine depuis les ann\u00e9es 1970, au croisement de la philosophie, de la sociologie et des diverses politiques identitaires qui ont marqu\u00e9 le XXe et le XXIe si\u00e8cle, f\u00e9ministes, queer et d\u00e9coloniales. Ce travail s&rsquo;articule avec une pratique de la vid\u00e9o, de la performance, de l&rsquo;installation et de la sc\u00e9nographie, qui porte un regard cynique et d\u00e9sabus\u00e9 sur nos modes d&rsquo;\u00eatre au monde, incarn\u00e9 par la repr\u00e9sentation d&rsquo;un quotidien scl\u00e9rosant, le motif de la qu\u00eate identitaire, de l&rsquo;adolescence et de la perte de soi.<\/p>\n\n\n\n<p><\/p>\n","protected":false},"excerpt":{"rendered":"<p>Doctorante \u00e0 l&rsquo;Universit\u00e9 Rennes 2 et membre du laboratoire PTAC (Pratique et Th\u00e9orie de l&rsquo;Art Contemporain), Jeanne Bu\u00e9e m\u00e8ne une [&hellip;]<\/p>\n","protected":false},"author":1,"featured_media":0,"parent":0,"menu_order":0,"comment_status":"closed","ping_status":"closed","template":"","meta":{"_uag_custom_page_level_css":"","site-sidebar-layout":"default","site-content-layout":"","ast-site-content-layout":"default","site-content-style":"default","site-sidebar-style":"default","ast-global-header-display":"","ast-banner-title-visibility":"","ast-main-header-display":"","ast-hfb-above-header-display":"","ast-hfb-below-header-display":"","ast-hfb-mobile-header-display":"","site-post-title":"disabled","ast-breadcrumbs-content":"","ast-featured-img":"","footer-sml-layout":"","ast-disable-related-posts":"","theme-transparent-header-meta":"","adv-header-id-meta":"","stick-header-meta":"","header-above-stick-meta":"","header-main-stick-meta":"","header-below-stick-meta":"","astra-migrate-meta-layouts":"default","ast-page-background-enabled":"default","ast-page-background-meta":{"desktop":{"background-color":"var(--ast-global-color-5)","background-image":"","background-repeat":"repeat","background-position":"center center","background-size":"auto","background-attachment":"scroll","background-type":"","background-media":"","overlay-type":"","overlay-color":"","overlay-opacity":"","overlay-gradient":""},"tablet":{"background-color":"","background-image":"","background-repeat":"repeat","background-position":"center center","background-size":"auto","background-attachment":"scroll","background-type":"","background-media":"","overlay-type":"","overlay-color":"","overlay-opacity":"","overlay-gradient":""},"mobile":{"background-color":"","background-image":"","background-repeat":"repeat","background-position":"center center","background-size":"auto","background-attachment":"scroll","background-type":"","background-media":"","overlay-type":"","overlay-color":"","overlay-opacity":"","overlay-gradient":""}},"ast-content-background-meta":{"desktop":{"background-color":"var(--ast-global-color-4)","background-image":"","background-repeat":"repeat","background-position":"center center","background-size":"auto","background-attachment":"scroll","background-type":"","background-media":"","overlay-type":"","overlay-color":"","overlay-opacity":"","overlay-gradient":""},"tablet":{"background-color":"var(--ast-global-color-4)","background-image":"","background-repeat":"repeat","background-position":"center center","background-size":"auto","background-attachment":"scroll","background-type":"","background-media":"","overlay-type":"","overlay-color":"","overlay-opacity":"","overlay-gradient":""},"mobile":{"background-color":"var(--ast-global-color-4)","background-image":"","background-repeat":"repeat","background-position":"center center","background-size":"auto","background-attachment":"scroll","background-type":"","background-media":"","overlay-type":"","overlay-color":"","overlay-opacity":"","overlay-gradient":""}},"footnotes":""},"class_list":["post-205","page","type-page","status-publish","hentry"],"uagb_featured_image_src":{"full":false,"thumbnail":false,"medium":false,"medium_large":false,"large":false,"1536x1536":false,"2048x2048":false},"uagb_author_info":{"display_name":"admin9274","author_link":"https:\/\/jeannebuee.fr\/?author=1"},"uagb_comment_info":0,"uagb_excerpt":"Doctorante \u00e0 l&rsquo;Universit\u00e9 Rennes 2 et membre du laboratoire PTAC (Pratique et Th\u00e9orie de l&rsquo;Art Contemporain), Jeanne Bu\u00e9e m\u00e8ne une [&hellip;]","_links":{"self":[{"href":"https:\/\/jeannebuee.fr\/index.php?rest_route=\/wp\/v2\/pages\/205","targetHints":{"allow":["GET"]}}],"collection":[{"href":"https:\/\/jeannebuee.fr\/index.php?rest_route=\/wp\/v2\/pages"}],"about":[{"href":"https:\/\/jeannebuee.fr\/index.php?rest_route=\/wp\/v2\/types\/page"}],"author":[{"embeddable":true,"href":"https:\/\/jeannebuee.fr\/index.php?rest_route=\/wp\/v2\/users\/1"}],"replies":[{"embeddable":true,"href":"https:\/\/jeannebuee.fr\/index.php?rest_route=%2Fwp%2Fv2%2Fcomments&post=205"}],"version-history":[{"count":7,"href":"https:\/\/jeannebuee.fr\/index.php?rest_route=\/wp\/v2\/pages\/205\/revisions"}],"predecessor-version":[{"id":357,"href":"https:\/\/jeannebuee.fr\/index.php?rest_route=\/wp\/v2\/pages\/205\/revisions\/357"}],"wp:attachment":[{"href":"https:\/\/jeannebuee.fr\/index.php?rest_route=%2Fwp%2Fv2%2Fmedia&parent=205"}],"curies":[{"name":"wp","href":"https:\/\/api.w.org\/{rel}","templated":true}]}}