{"id":204,"date":"2025-06-24T21:59:31","date_gmt":"2025-06-24T19:59:31","guid":{"rendered":"https:\/\/jeannebuee.fr\/?page_id=204"},"modified":"2026-02-19T17:23:47","modified_gmt":"2026-02-19T16:23:47","slug":"recherches","status":"publish","type":"page","link":"https:\/\/jeannebuee.fr\/?page_id=204","title":{"rendered":"RECHERCHES"},"content":{"rendered":"\n<p class=\"has-text-align-left has-large-font-size\">Publications<\/p>\n\n\n\n<ul class=\"wp-block-list\">\n<li><strong>\u00ab&nbsp;Le devenir non-humain de l\u2019art contemporain&nbsp;: le monstrueux comme strat\u00e9gie de d\u00e9passement de la binarit\u00e9&nbsp;\u00bb<\/strong> in <em>Imaginarios literarios y culturales del margen recentrar las periferias, deconstruir las hegemon\u00edas, pensar la disidencia, <\/em>Universidad Nacional Aut\u00f2ma de M\u00e9xico et Universit\u00e9 de Limoges, 2026. [\u00c0 para\u00eetre]<\/li>\n<\/ul>\n\n\n\n<ul class=\"wp-block-list\">\n<li><strong>\u00ab&nbsp;D\u00e9faire le genre&nbsp;: l\u2019utopie identitaire de l\u2019art contemporain&nbsp;\u00bb<\/strong> in <em>Palimpseste<\/em>, n\u00b08 \u00ab&nbsp;O\u00f9 est le genre&nbsp;\u00bb, Rennes 2, d\u00e9cembre 2022, <a href=\"https:\/\/nouvelles.univ-rennes2.fr\/system\/files\/2022-12\/palimpseste_8_web3.pdf\">https:\/\/nouvelles.univ-rennes2.fr\/system\/files\/2022-12\/palimpseste_8_web3.pdf<\/a>.<\/li>\n<\/ul>\n\n\n\n<ul class=\"wp-block-list\">\n<li>Diverses <strong>notes de lectures<\/strong> publi\u00e9es dans la revue <em>Critique d\u2019art<\/em>, en ligne, parues entre 2022 et 2024, <a href=\"https:\/\/journals.openedition.org\/critiquedart\/92020\">https:\/\/journals.openedition.org\/critiquedart\/92020<\/a>.<\/li>\n<\/ul>\n\n\n\n<p><\/p>\n\n\n\n<p><\/p>\n\n\n\n<p><\/p>\n\n\n\n<p class=\"has-text-align-left has-large-font-size\">Communications<\/p>\n\n\n\n<ul class=\"wp-block-list\">\n<li><strong>\u00ab&nbsp;<em>Ghost Party<\/em>&nbsp;: conversations fant\u00f4mes et \u0153uvre vivante&nbsp;\u00bb<\/strong>, communication pr\u00e9sent\u00e9e lors de la Journ\u00e9e d\u2019\u00c9tude <em>Le cannibalisme et recherche et en cr\u00e9ation&nbsp;: processus d\u2019ingestion, de digestion et d\u2019incorporation<\/em>, organis\u00e9e par Renata Andrade, (AIAC, Universit\u00e9 de Paris 8), Val\u00e9rie Boudier (CEAC, Universit\u00e9 de Lille), Laurence Corbel (PTAC, universit\u00e9 de Rennes 2) et Anne Creissels (AIAC, Universit\u00e9 de Paris 8), le 29 mai 2024.<\/li>\n<\/ul>\n\n\n\n<ul class=\"wp-block-list\">\n<li><strong>\u00ab&nbsp;Amours cyborgs et corps hybrides dans l\u2019imaginaire culturel contemporain&nbsp;\u00bb<\/strong>, communication pr\u00e9sent\u00e9e lors du Colloque International <em>Imaginaires litt\u00e9raires et culturels de la marge&nbsp;: recentrer les p\u00e9riph\u00e9ries, d\u00e9construire les h\u00e9g\u00e9monies, penser la dissidence<\/em>, organis\u00e9 par le laboratoire laboratoire EHIC (Espaces Humains et Interactions Culturelles), \u00e0 l\u2019Universit\u00e9 de Limoge en collaboration avec Universidad Aut\u00f3noma de Tlaxcala, le 29 juin 2023.<\/li>\n<\/ul>\n\n\n\n<ul class=\"wp-block-list\">\n<li><strong>\u00ab&nbsp;Pratiques plastiques d\u2019incarnation&nbsp;: prendre et reprendre le corps&nbsp;\u00bb<\/strong>, communication pr\u00e9sent\u00e9e lors du Colloque<em> Corpor\u00e9it\u00e9s f\u00e9ministes et queer dans les pratiques performatives et circassiennes<\/em>, dans le cadre du projet CORPS (CORpor\u00e9it\u00e9s, COnsentement dans les pratiques physiques et sportives) soutenu par le Minist\u00e8re de l\u2019Enseignement Sup\u00e9rieur et de la Recherche, organis\u00e9 par l\u2019ENACR (\u00c9cole Nationale des Arts du Cirque de Rosny-sous-Bois) et la D\u00e9l\u00e9gation \u00e0 l\u2019\u00e9galit\u00e9 et \u00e0 la lutte contre les discrimination de genre de l\u2019UPJV (Universit\u00e9 de Picardie Jules Verne) associ\u00e9s \u00e0 la MCA (Maison de la Culture d\u2019Amiens), \u00e0 Amiens, le 13 avril 2023.<\/li>\n<\/ul>\n\n\n\n<ul class=\"wp-block-list\">\n<li><strong>\u00ab&nbsp;Les critiques sur le pouce&nbsp;: rencontre avec Fran\u00e7ois Aubart&nbsp;\u00bb<\/strong>, rencontre avec l\u2019historien de l\u2019art Fran\u00e7ois Aubart, autour de la parution de son ouvrage <em>L\u2019attitude de la Pictures Generation&nbsp;: essai, passion, manipulation<\/em>, organis\u00e9 par Les Archives de la Critique d\u2019Art \u00e0 l\u2019Universit\u00e9 Rennes 2, mars 2023.<\/li>\n<\/ul>\n\n\n\n<ul class=\"wp-block-list\">\n<li><strong>\u00ab&nbsp;L\u2019avatar&nbsp;: figure de l\u2019artiste en m\u00e9tamorphose&nbsp;\u00bb<\/strong>, communication pr\u00e9sent\u00e9e lors du s\u00e9minaire de recherche <em>Autres fictions, autres savoirs&nbsp;: la fiction comme m\u00e9thode<\/em>, organis\u00e9 par Laurence Corbel et \u00c9meline Jarret du laboratoire PTAC (Pratiques et Th\u00e9ories de l\u2019Art Contemporain), \u00e0 l\u2019Universit\u00e9 de Rennes, le 1<sup>er<\/sup> mars 2023.<\/li>\n<\/ul>\n\n\n\n<ul class=\"wp-block-list\">\n<li><strong>\u00ab&nbsp;Le jeu de r\u00f4le&nbsp;: un espace d\u2019interf\u00e9rences avec le r\u00e9el&nbsp;\u00bb<\/strong>, communication pr\u00e9sent\u00e9e lors du s\u00e9minaire de recherche <em>Autres fictions, autres savoirs&nbsp;: la fiction comme m\u00e9thode<\/em>, organis\u00e9 par Laurence Corbel et \u00c9meline Jarret du laboratoire PTAC (Pratiques et Th\u00e9ories de l\u2019Art Contemporain), \u00e0 l\u2019Universit\u00e9 de Rennes, le 1<sup>er<\/sup> f\u00e9vrier 2022.<\/li>\n<\/ul>\n\n\n\n<ul class=\"wp-block-list\">\n<li><strong>\u00ab&nbsp;De l\u2019autofiction chez Eleanor Antin&nbsp;\u00bb<\/strong>, communication pr\u00e9sent\u00e9e lors du s\u00e9minaire de recherche <em>Autres fictions, autres savoirs&nbsp;: la fiction comme m\u00e9thode<\/em>, organis\u00e9 par Laurence Corbel et \u00c9meline Jarret du laboratoire PTAC (Pratiques et Th\u00e9ories de l\u2019Art Contemporain), \u00e0 l\u2019Universit\u00e9 de Rennes, en mars 2021.<\/li>\n<\/ul>\n\n\n\n<ul class=\"wp-block-list\">\n<li><strong>\u00ab&nbsp;L\u2019autorepr\u00e9sentation&nbsp;: espace de repli, r\u00e9cit et qu\u00eate identitaire. L\u2019image de soi dans son horizon collectif&nbsp;\u00bb<\/strong>, pr\u00e9sentation des travaux de recherche du master aux agr\u00e9gatives en Arts plastiques, dans le cadre d\u2019un cours sur la question de l\u2019intime, en d\u00e9cembre 2020.<\/li>\n<\/ul>\n","protected":false},"excerpt":{"rendered":"<p>Publications Communications<\/p>\n","protected":false},"author":1,"featured_media":0,"parent":0,"menu_order":0,"comment_status":"closed","ping_status":"closed","template":"","meta":{"_uag_custom_page_level_css":"","site-sidebar-layout":"default","site-content-layout":"","ast-site-content-layout":"default","site-content-style":"default","site-sidebar-style":"default","ast-global-header-display":"","ast-banner-title-visibility":"","ast-main-header-display":"","ast-hfb-above-header-display":"","ast-hfb-below-header-display":"","ast-hfb-mobile-header-display":"","site-post-title":"disabled","ast-breadcrumbs-content":"","ast-featured-img":"","footer-sml-layout":"","ast-disable-related-posts":"","theme-transparent-header-meta":"","adv-header-id-meta":"","stick-header-meta":"","header-above-stick-meta":"","header-main-stick-meta":"","header-below-stick-meta":"","astra-migrate-meta-layouts":"default","ast-page-background-enabled":"default","ast-page-background-meta":{"desktop":{"background-color":"var(--ast-global-color-5)","background-image":"","background-repeat":"repeat","background-position":"center center","background-size":"auto","background-attachment":"scroll","background-type":"","background-media":"","overlay-type":"","overlay-color":"","overlay-opacity":"","overlay-gradient":""},"tablet":{"background-color":"","background-image":"","background-repeat":"repeat","background-position":"center center","background-size":"auto","background-attachment":"scroll","background-type":"","background-media":"","overlay-type":"","overlay-color":"","overlay-opacity":"","overlay-gradient":""},"mobile":{"background-color":"","background-image":"","background-repeat":"repeat","background-position":"center center","background-size":"auto","background-attachment":"scroll","background-type":"","background-media":"","overlay-type":"","overlay-color":"","overlay-opacity":"","overlay-gradient":""}},"ast-content-background-meta":{"desktop":{"background-color":"var(--ast-global-color-4)","background-image":"","background-repeat":"repeat","background-position":"center center","background-size":"auto","background-attachment":"scroll","background-type":"","background-media":"","overlay-type":"","overlay-color":"","overlay-opacity":"","overlay-gradient":""},"tablet":{"background-color":"var(--ast-global-color-4)","background-image":"","background-repeat":"repeat","background-position":"center center","background-size":"auto","background-attachment":"scroll","background-type":"","background-media":"","overlay-type":"","overlay-color":"","overlay-opacity":"","overlay-gradient":""},"mobile":{"background-color":"var(--ast-global-color-4)","background-image":"","background-repeat":"repeat","background-position":"center center","background-size":"auto","background-attachment":"scroll","background-type":"","background-media":"","overlay-type":"","overlay-color":"","overlay-opacity":"","overlay-gradient":""}},"footnotes":""},"class_list":["post-204","page","type-page","status-publish","hentry"],"uagb_featured_image_src":{"full":false,"thumbnail":false,"medium":false,"medium_large":false,"large":false,"1536x1536":false,"2048x2048":false},"uagb_author_info":{"display_name":"admin9274","author_link":"https:\/\/jeannebuee.fr\/?author=1"},"uagb_comment_info":0,"uagb_excerpt":"Publications Communications","_links":{"self":[{"href":"https:\/\/jeannebuee.fr\/index.php?rest_route=\/wp\/v2\/pages\/204","targetHints":{"allow":["GET"]}}],"collection":[{"href":"https:\/\/jeannebuee.fr\/index.php?rest_route=\/wp\/v2\/pages"}],"about":[{"href":"https:\/\/jeannebuee.fr\/index.php?rest_route=\/wp\/v2\/types\/page"}],"author":[{"embeddable":true,"href":"https:\/\/jeannebuee.fr\/index.php?rest_route=\/wp\/v2\/users\/1"}],"replies":[{"embeddable":true,"href":"https:\/\/jeannebuee.fr\/index.php?rest_route=%2Fwp%2Fv2%2Fcomments&post=204"}],"version-history":[{"count":8,"href":"https:\/\/jeannebuee.fr\/index.php?rest_route=\/wp\/v2\/pages\/204\/revisions"}],"predecessor-version":[{"id":495,"href":"https:\/\/jeannebuee.fr\/index.php?rest_route=\/wp\/v2\/pages\/204\/revisions\/495"}],"wp:attachment":[{"href":"https:\/\/jeannebuee.fr\/index.php?rest_route=%2Fwp%2Fv2%2Fmedia&parent=204"}],"curies":[{"name":"wp","href":"https:\/\/api.w.org\/{rel}","templated":true}]}}